{"id":5250,"date":"2026-01-22T11:18:08","date_gmt":"2026-01-22T10:18:08","guid":{"rendered":"https:\/\/fhucare.com\/politique-de-confidentialite-des-donnees\/"},"modified":"2026-04-16T15:54:11","modified_gmt":"2026-04-16T13:54:11","slug":"politique-de-confidentialite-des-donnees","status":"publish","type":"page","link":"https:\/\/fhucare.com\/fr\/politique-de-confidentialite-des-donnees\/","title":{"rendered":"Politique de confidentialit\u00e9 des donn\u00e9es"},"content":{"rendered":"\n<h2 class=\"wp-block-heading\">Qui sommes nous ?<\/h2>\n\n\n\n<p>L&rsquo;adresse de notre site est : https:\/\/fhucare.org.<\/p>\n\n\n\n<h2 class=\"wp-block-heading\">Cookies<\/h2>\n\n\n\n<h3 class=\"wp-block-heading\">Fonctionnement de WordPress<\/h3>\n\n\n\n<p>Si vous acc\u00e9dez \u00e0 la page de connexion, un cookie temporaire sera cr\u00e9\u00e9 afin de v\u00e9rifier si votre navigateur accepte les cookies. Il ne contient aucune donn\u00e9e personnelle et sera automatiquement supprim\u00e9 lorsque vous fermerez votre navigateur. <\/p>\n\n\n\n<p>Lorsque vous vous connectez, nous installons plusieurs cookies afin d&rsquo;enregistrer vos identifiants de connexion et vos pr\u00e9f\u00e9rences d&rsquo;affichage. La dur\u00e9e de vie d&rsquo;un cookie de connexion est de deux jours, et celle d&rsquo;un cookie de pr\u00e9f\u00e9rences d&rsquo;affichage est d&rsquo;un an. Si vous cochez la case \u00ab Se souvenir de moi \u00bb, votre cookie de connexion sera conserv\u00e9 pendant deux semaines. Si vous vous d\u00e9connectez de votre compte, le cookie de connexion sera supprim\u00e9.   <\/p>\n\n\n\n<p>Lorsque vous modifiez ou publiez un article, un cookie suppl\u00e9mentaire est enregistr\u00e9 dans votre navigateur. Ce cookie ne contient aucune donn\u00e9e personnelle. Il indique simplement l&rsquo;identifiant de l&rsquo;article que vous venez de modifier. Il expire au bout d&rsquo;un jour.   <\/p>\n\n\n\n<h3 class=\"wp-block-heading\">Autres cookies<\/h3>\n\n\n\n<p>Le site web FHU CARE2 n&rsquo;installe aucun cookie sur les ordinateurs des visiteurs qui se contentent de naviguer sur le site. Nous utilisons toutefois les services d&rsquo;h\u00e9bergement vid\u00e9o de YouTube. Lorsque vous activez le lecteur YouTube, ce service installe plusieurs cookies sur votre ordinateur. Vous pouvez consulter <a href=\"https:\/\/developers.google.com\/youtube\/terms\/api-services-terms-of-service\" target=\"_blank\" rel=\"noreferrer noopener nofollow\">les conditions d&rsquo;utilisation de YouTube<\/a>.   <\/p>\n\n\n\n<p><\/p>\n\n\n\n<p><code><div id=\"matomo-opt-out-form-embed\"><\/div><\/code><\/p>\n\n\n\n<h2 class=\"wp-block-heading\">Contenus embarqu\u00e9s depuis d&rsquo;autres sites<\/h2>\n\n\n\n<p>Les articles publi\u00e9s sur ce site web peuvent contenir du contenu int\u00e9gr\u00e9 (par exemple, des vid\u00e9os, des images, des articles, etc.). Le contenu int\u00e9gr\u00e9 provenant d&rsquo;autres sites web se comporte exactement comme si le visiteur avait consult\u00e9 directement ces autres sites. <\/p>\n\n\n\n<p>Ces sites web peuvent collecter des donn\u00e9es vous concernant, utiliser des cookies, int\u00e9grer des outils de suivi tiers et suivre vos interactions avec ce contenu int\u00e9gr\u00e9 si vous \u00eates connect\u00e9 \u00e0 votre compte sur leur site web.<\/p>\n\n\n\n<h2 class=\"wp-block-heading\">Usage et transmission de vos donn\u00e9es personnelles<\/h2>\n\n\n\n<p>Si vous demandez une r\u00e9initialisation de mot de passe, votre adresse IP figurera dans l&rsquo;e-mail de r\u00e9initialisation.<\/p>\n\n\n\n<h2 class=\"wp-block-heading\">R\u00e9tention des donn\u00e9es<\/h2>\n\n\n\n<p>Pour les comptes cr\u00e9\u00e9s sur notre site (le cas \u00e9ch\u00e9ant), nous conservons \u00e9galement les donn\u00e9es personnelles fournies dans leur profil. Tous les comptes peuvent consulter, modifier ou supprimer leurs informations personnelles \u00e0 tout moment (\u00e0 l&rsquo;exception de leur nom d&rsquo;utilisateur). Les administrateurs du site peuvent \u00e9galement consulter et modifier ces informations.  <\/p>\n\n\n\n<h2 class=\"wp-block-heading\">Vos droits par rapport \u00e0 vos donn\u00e9es<\/h2>\n\n\n\n<p>Si vous disposez d&rsquo;un compte, vous pouvez demander \u00e0 recevoir un fichier contenant toutes les donn\u00e9es \u00e0 caract\u00e8re personnel que nous d\u00e9tenons \u00e0 votre sujet, y compris celles que vous nous avez fournies. Vous pouvez \u00e9galement demander la suppression de vos donn\u00e9es \u00e0 caract\u00e8re personnel. Cela n&rsquo;inclut pas les donn\u00e9es conserv\u00e9es \u00e0 des fins administratives, juridiques ou de s\u00e9curit\u00e9.  <\/p>\n\n\n\n<h2 class=\"wp-block-heading\">O\u00f9 vos donn\u00e9es sont-elles transmises ?<\/h2>\n\n\n\n<p>Les donn\u00e9es personnelles des personnes disposant d&rsquo;un compte ne sont ni revendues ni transmises \u00e0 des tiers.<\/p>\n","protected":false},"excerpt":{"rendered":"<p>Qui sommes nous ? L&rsquo;adresse de notre site est : https:\/\/fhucare.org. Cookies Fonctionnement de WordPress Si vous acc\u00e9dez \u00e0 la page de connexion, un cookie temporaire sera cr\u00e9\u00e9 afin de v\u00e9rifier si votre navigateur accepte les cookies. Il ne contient aucune donn\u00e9e personnelle et sera automatiquement supprim\u00e9 lorsque vous fermerez votre navigateur. Lorsque vous vous [&hellip;]<\/p>\n","protected":false},"author":1,"featured_media":0,"parent":0,"menu_order":99,"comment_status":"closed","ping_status":"closed","template":"","meta":{"footnotes":""},"class_list":["post-5250","page","type-page","status-publish","hentry"],"yoast_head":"<!-- This site is optimized with the Yoast SEO plugin v27.4 - https:\/\/yoast.com\/product\/yoast-seo-wordpress\/ -->\n<title>Politique de confidentialit\u00e9 des donn\u00e9es - FHU CARE\u00b2<\/title>\n<meta name=\"robots\" content=\"index, follow, max-snippet:-1, max-image-preview:large, max-video-preview:-1\" \/>\n<link rel=\"canonical\" href=\"https:\/\/fhucare.com\/fr\/politique-de-confidentialite-des-donnees\/\" \/>\n<meta property=\"og:locale\" content=\"fr_FR\" \/>\n<meta property=\"og:type\" content=\"article\" \/>\n<meta property=\"og:title\" content=\"Politique de confidentialit\u00e9 des donn\u00e9es - FHU CARE\u00b2\" \/>\n<meta property=\"og:description\" content=\"Qui sommes nous ? L&rsquo;adresse de notre site est : https:\/\/fhucare.org. Cookies Fonctionnement de WordPress Si vous acc\u00e9dez \u00e0 la page de connexion, un cookie temporaire sera cr\u00e9\u00e9 afin de v\u00e9rifier si votre navigateur accepte les cookies. Il ne contient aucune donn\u00e9e personnelle et sera automatiquement supprim\u00e9 lorsque vous fermerez votre navigateur. Lorsque vous vous [&hellip;]\" \/>\n<meta property=\"og:url\" content=\"https:\/\/fhucare.com\/fr\/politique-de-confidentialite-des-donnees\/\" \/>\n<meta property=\"og:site_name\" content=\"FHU CARE\u00b2\" \/>\n<meta property=\"article:modified_time\" content=\"2026-04-16T13:54:11+00:00\" \/>\n<meta name=\"twitter:card\" content=\"summary_large_image\" \/>\n<meta name=\"twitter:label1\" content=\"Dur\u00e9e de lecture estim\u00e9e\" \/>\n\t<meta name=\"twitter:data1\" content=\"3 minutes\" \/>\n<script type=\"application\/ld+json\" class=\"yoast-schema-graph\">{\"@context\":\"https:\\\/\\\/schema.org\",\"@graph\":[{\"@type\":\"WebPage\",\"@id\":\"https:\\\/\\\/fhucare.com\\\/fr\\\/politique-de-confidentialite-des-donnees\\\/\",\"url\":\"https:\\\/\\\/fhucare.com\\\/fr\\\/politique-de-confidentialite-des-donnees\\\/\",\"name\":\"Politique de confidentialit\u00e9 des donn\u00e9es - FHU CARE\u00b2\",\"isPartOf\":{\"@id\":\"https:\\\/\\\/fhucare.com\\\/fr\\\/#website\"},\"datePublished\":\"2026-01-22T10:18:08+00:00\",\"dateModified\":\"2026-04-16T13:54:11+00:00\",\"breadcrumb\":{\"@id\":\"https:\\\/\\\/fhucare.com\\\/fr\\\/politique-de-confidentialite-des-donnees\\\/#breadcrumb\"},\"inLanguage\":\"fr-FR\",\"potentialAction\":[{\"@type\":\"ReadAction\",\"target\":[\"https:\\\/\\\/fhucare.com\\\/fr\\\/politique-de-confidentialite-des-donnees\\\/\"]}]},{\"@type\":\"BreadcrumbList\",\"@id\":\"https:\\\/\\\/fhucare.com\\\/fr\\\/politique-de-confidentialite-des-donnees\\\/#breadcrumb\",\"itemListElement\":[{\"@type\":\"ListItem\",\"position\":1,\"name\":\"Accueil\",\"item\":\"https:\\\/\\\/fhucare.com\\\/fr\\\/\"},{\"@type\":\"ListItem\",\"position\":2,\"name\":\"Politique de confidentialit\u00e9 des donn\u00e9es\"}]},{\"@type\":\"WebSite\",\"@id\":\"https:\\\/\\\/fhucare.com\\\/fr\\\/#website\",\"url\":\"https:\\\/\\\/fhucare.com\\\/fr\\\/\",\"name\":\"FHU CARE\u00b2\",\"description\":\"Innovations in Autoimmunity, Cancer &amp; Immunotherapies\",\"publisher\":{\"@id\":\"https:\\\/\\\/fhucare.com\\\/fr\\\/#organization\"},\"alternateName\":\"CARE2\",\"potentialAction\":[{\"@type\":\"SearchAction\",\"target\":{\"@type\":\"EntryPoint\",\"urlTemplate\":\"https:\\\/\\\/fhucare.com\\\/fr\\\/?s={search_term_string}\"},\"query-input\":{\"@type\":\"PropertyValueSpecification\",\"valueRequired\":true,\"valueName\":\"search_term_string\"}}],\"inLanguage\":\"fr-FR\"},{\"@type\":\"Organization\",\"@id\":\"https:\\\/\\\/fhucare.com\\\/fr\\\/#organization\",\"name\":\"FHU CARE\u00b2\",\"alternateName\":\"CARE2\",\"url\":\"https:\\\/\\\/fhucare.com\\\/fr\\\/\",\"logo\":{\"@type\":\"ImageObject\",\"inLanguage\":\"fr-FR\",\"@id\":\"https:\\\/\\\/fhucare.com\\\/fr\\\/#\\\/schema\\\/logo\\\/image\\\/\",\"url\":\"https:\\\/\\\/fhucare.com\\\/wp-content\\\/uploads\\\/2025\\\/11\\\/CARE2-COULEUR.svg\",\"contentUrl\":\"https:\\\/\\\/fhucare.com\\\/wp-content\\\/uploads\\\/2025\\\/11\\\/CARE2-COULEUR.svg\",\"caption\":\"FHU CARE\u00b2\"},\"image\":{\"@id\":\"https:\\\/\\\/fhucare.com\\\/fr\\\/#\\\/schema\\\/logo\\\/image\\\/\"},\"sameAs\":[\"https:\\\/\\\/www.linkedin.com\\\/in\\\/fhucare\\\/\",\"https:\\\/\\\/www.youtube.com\\\/@fhucare\\\/\"]}]}<\/script>\n<!-- \/ Yoast SEO plugin. -->","yoast_head_json":{"title":"Politique de confidentialit\u00e9 des donn\u00e9es - FHU CARE\u00b2","robots":{"index":"index","follow":"follow","max-snippet":"max-snippet:-1","max-image-preview":"max-image-preview:large","max-video-preview":"max-video-preview:-1"},"canonical":"https:\/\/fhucare.com\/fr\/politique-de-confidentialite-des-donnees\/","og_locale":"fr_FR","og_type":"article","og_title":"Politique de confidentialit\u00e9 des donn\u00e9es - FHU CARE\u00b2","og_description":"Qui sommes nous ? L&rsquo;adresse de notre site est : https:\/\/fhucare.org. Cookies Fonctionnement de WordPress Si vous acc\u00e9dez \u00e0 la page de connexion, un cookie temporaire sera cr\u00e9\u00e9 afin de v\u00e9rifier si votre navigateur accepte les cookies. Il ne contient aucune donn\u00e9e personnelle et sera automatiquement supprim\u00e9 lorsque vous fermerez votre navigateur. Lorsque vous vous [&hellip;]","og_url":"https:\/\/fhucare.com\/fr\/politique-de-confidentialite-des-donnees\/","og_site_name":"FHU CARE\u00b2","article_modified_time":"2026-04-16T13:54:11+00:00","twitter_card":"summary_large_image","twitter_misc":{"Dur\u00e9e de lecture estim\u00e9e":"3 minutes"},"schema":{"@context":"https:\/\/schema.org","@graph":[{"@type":"WebPage","@id":"https:\/\/fhucare.com\/fr\/politique-de-confidentialite-des-donnees\/","url":"https:\/\/fhucare.com\/fr\/politique-de-confidentialite-des-donnees\/","name":"Politique de confidentialit\u00e9 des donn\u00e9es - FHU CARE\u00b2","isPartOf":{"@id":"https:\/\/fhucare.com\/fr\/#website"},"datePublished":"2026-01-22T10:18:08+00:00","dateModified":"2026-04-16T13:54:11+00:00","breadcrumb":{"@id":"https:\/\/fhucare.com\/fr\/politique-de-confidentialite-des-donnees\/#breadcrumb"},"inLanguage":"fr-FR","potentialAction":[{"@type":"ReadAction","target":["https:\/\/fhucare.com\/fr\/politique-de-confidentialite-des-donnees\/"]}]},{"@type":"BreadcrumbList","@id":"https:\/\/fhucare.com\/fr\/politique-de-confidentialite-des-donnees\/#breadcrumb","itemListElement":[{"@type":"ListItem","position":1,"name":"Accueil","item":"https:\/\/fhucare.com\/fr\/"},{"@type":"ListItem","position":2,"name":"Politique de confidentialit\u00e9 des donn\u00e9es"}]},{"@type":"WebSite","@id":"https:\/\/fhucare.com\/fr\/#website","url":"https:\/\/fhucare.com\/fr\/","name":"FHU CARE\u00b2","description":"Innovations in Autoimmunity, Cancer &amp; Immunotherapies","publisher":{"@id":"https:\/\/fhucare.com\/fr\/#organization"},"alternateName":"CARE2","potentialAction":[{"@type":"SearchAction","target":{"@type":"EntryPoint","urlTemplate":"https:\/\/fhucare.com\/fr\/?s={search_term_string}"},"query-input":{"@type":"PropertyValueSpecification","valueRequired":true,"valueName":"search_term_string"}}],"inLanguage":"fr-FR"},{"@type":"Organization","@id":"https:\/\/fhucare.com\/fr\/#organization","name":"FHU CARE\u00b2","alternateName":"CARE2","url":"https:\/\/fhucare.com\/fr\/","logo":{"@type":"ImageObject","inLanguage":"fr-FR","@id":"https:\/\/fhucare.com\/fr\/#\/schema\/logo\/image\/","url":"https:\/\/fhucare.com\/wp-content\/uploads\/2025\/11\/CARE2-COULEUR.svg","contentUrl":"https:\/\/fhucare.com\/wp-content\/uploads\/2025\/11\/CARE2-COULEUR.svg","caption":"FHU CARE\u00b2"},"image":{"@id":"https:\/\/fhucare.com\/fr\/#\/schema\/logo\/image\/"},"sameAs":["https:\/\/www.linkedin.com\/in\/fhucare\/","https:\/\/www.youtube.com\/@fhucare\/"]}]}},"_links":{"self":[{"href":"https:\/\/fhucare.com\/fr\/wp-json\/wp\/v2\/pages\/5250","targetHints":{"allow":["GET"]}}],"collection":[{"href":"https:\/\/fhucare.com\/fr\/wp-json\/wp\/v2\/pages"}],"about":[{"href":"https:\/\/fhucare.com\/fr\/wp-json\/wp\/v2\/types\/page"}],"author":[{"embeddable":true,"href":"https:\/\/fhucare.com\/fr\/wp-json\/wp\/v2\/users\/1"}],"replies":[{"embeddable":true,"href":"https:\/\/fhucare.com\/fr\/wp-json\/wp\/v2\/comments?post=5250"}],"version-history":[{"count":3,"href":"https:\/\/fhucare.com\/fr\/wp-json\/wp\/v2\/pages\/5250\/revisions"}],"predecessor-version":[{"id":5374,"href":"https:\/\/fhucare.com\/fr\/wp-json\/wp\/v2\/pages\/5250\/revisions\/5374"}],"wp:attachment":[{"href":"https:\/\/fhucare.com\/fr\/wp-json\/wp\/v2\/media?parent=5250"}],"curies":[{"name":"wp","href":"https:\/\/api.w.org\/{rel}","templated":true}]}}